{"id":306,"date":"2025-08-09T18:05:19","date_gmt":"2025-08-09T18:05:19","guid":{"rendered":"https:\/\/dndvoorsara.nl\/?page_id=306"},"modified":"2025-09-12T19:21:23","modified_gmt":"2025-09-12T19:21:23","slug":"waarom-dd-voor-sara","status":"publish","type":"page","link":"https:\/\/dndvoorsara.nl\/?page_id=306","title":{"rendered":"Waarom D&#038;D Voor Sara"},"content":{"rendered":"\n<p class=\"has-text-align-left\">Stichting <a href=\"https:\/\/www.facebook.com\/VoorSara?__cft__[0]=AZVO_MFfXA--MUx_uvLzEMBMCJOJKi_4VCn1N46-38BkCetzeYUDP87FXKakw7xISWlpKdTAp90w3VXlNXE1XhUdeNjrf72Y9orx-cE7d48Rc9vufwpfn2z6FGauyDAENKT7PPAXA48Ws4N3SJ5TpMOeGZ7J_x8fiH9RrXPnzdxvnJ6y_tKIrym8GY6cE9Q_H1o0NCOUtpMxt12njl0a9yB2&amp;__tn__=-]K-R\">Voor Sara<\/a> zet zich in om het leven van pati\u00ebnten met de spierziekte LAMA2-MD te verbeteren. En niet alleen dat, de Stichting draagt financieel bij aan <a><\/a>wetenschappelijk onderzoek om de ziekte beter te begrijpen en brengt pati\u00ebnten bij elkaar. Het uiteindelijke doel van Voor Sara is om een therapie of behandeling voor LAMA2-MD te ontwikkelen.<\/p>\n\n\n\n<p class=\"has-text-align-left\">Omdat de pati\u00ebntengroep klein is (in Nederland ongeveer 25 bekende pati\u00ebnten) en veel van de pati\u00ebnten kinderen zijn, werd er weinig onderzoek naar deze ziekte gedaan, laat staan dat er gewerkt werd aan een therapie. Stichting Voor Sara heeft de afgelopen jaren, met hulp van donaties, hier verandering in weten te brengen. Meer weten? Kijk op <a href=\"https:\/\/www.voorsara.nl\/?fbclid=IwZXh0bgNhZW0CMTAAAR5jk9rrHnVOVRVbnFOlX2dbPwL62OiesgtokNqZhn18kirHT7tYNHlrMzhZEg_aem_7Mv--l2qS62WEND2owUxvQ\" rel=\"noreferrer noopener\" target=\"_blank\">https:\/\/www.voorsara.nl<\/a><\/p>\n\n\n\n<p class=\"has-text-align-left\">Sanne (\u00e9\u00e9n van de organisatoren van Dungeons &amp; Dragons Voor Sara) heeft een persoonlijke link met de stichting. <br>Zij heeft de spierziekte LAMA2-MD. Sanne heeft alleen milde symptomen vergeleken met haar lotgenoten. Haar man, Wouter, is een enthousiaste D&amp;D speler en de initiator van D&amp;D Voor Sara, ook is hij betrokken bij Stichting Voor Sara (als bestuurslid). Samen proberen Sanne en Wouter op hun manier een steentje bij te dragen aan Stichting Voor Sara.<\/p>\n\n\n\n<p class=\"has-text-align-left\">Dungeons &amp; Dragons Voor Sara heeft als doel om een leuke dag te organiseren, waarbij het spelen van Dungeons &amp; Dragons op een unieke locatie  centraal staat. Met het evenement proberen we zoveel mogelijk geld op te halen zodat het doel van de Stichting weer een stapje dichterbij kan komen.<\/p>\n\n\n\n<p>Bij\u00a0<strong>Dungeons &amp; Dragons Voor Sara\u00a0<\/strong>geloven we in de kracht van verhalen en verbeelding.<\/p>\n\n\n<div class=\"wp-block-image is-style-default\">\n<figure class=\"aligncenter size-full is-resized\"><img loading=\"lazy\" decoding=\"async\" width=\"1131\" height=\"1373\" src=\"https:\/\/dndvoorsara.nl\/wp-content\/uploads\/2025\/05\/f1125f05-da09-4e92-9c45-df6fdd3a923f-1.jpg\" alt=\"DnD voor Sara\" class=\"wp-image-10\" style=\"object-fit:contain;width:500px;height:500px\" srcset=\"https:\/\/dndvoorsara.nl\/wp-content\/uploads\/2025\/05\/f1125f05-da09-4e92-9c45-df6fdd3a923f-1.jpg 1131w, https:\/\/dndvoorsara.nl\/wp-content\/uploads\/2025\/05\/f1125f05-da09-4e92-9c45-df6fdd3a923f-1-247x300.jpg 247w, https:\/\/dndvoorsara.nl\/wp-content\/uploads\/2025\/05\/f1125f05-da09-4e92-9c45-df6fdd3a923f-1-844x1024.jpg 844w, https:\/\/dndvoorsara.nl\/wp-content\/uploads\/2025\/05\/f1125f05-da09-4e92-9c45-df6fdd3a923f-1-768x932.jpg 768w\" sizes=\"(max-width: 1131px) 100vw, 1131px\" \/><\/figure>\n<\/div>","protected":false},"excerpt":{"rendered":"<p>Stichting Voor Sara zet zich in om het leven van pati\u00ebnten met de spierziekte LAMA2-MD te verbeteren. En niet alleen dat, de Stichting draagt financieel bij aan wetenschappelijk onderzoek om de ziekte beter te begrijpen en brengt pati\u00ebnten bij elkaar. Het uiteindelijke doel van Voor Sara is om een therapie of behandeling voor LAMA2-MD te [&hellip;]<\/p>\n","protected":false},"author":2,"featured_media":0,"parent":0,"menu_order":0,"comment_status":"closed","ping_status":"closed","template":"","meta":{"saved_in_kubio":true,"footnotes":""},"class_list":["post-306","page","type-page","status-publish","hentry"],"kubio_ai_page_context":{"short_desc":"","purpose":"general"},"_links":{"self":[{"href":"https:\/\/dndvoorsara.nl\/index.php?rest_route=\/wp\/v2\/pages\/306","targetHints":{"allow":["GET"]}}],"collection":[{"href":"https:\/\/dndvoorsara.nl\/index.php?rest_route=\/wp\/v2\/pages"}],"about":[{"href":"https:\/\/dndvoorsara.nl\/index.php?rest_route=\/wp\/v2\/types\/page"}],"author":[{"embeddable":true,"href":"https:\/\/dndvoorsara.nl\/index.php?rest_route=\/wp\/v2\/users\/2"}],"replies":[{"embeddable":true,"href":"https:\/\/dndvoorsara.nl\/index.php?rest_route=%2Fwp%2Fv2%2Fcomments&post=306"}],"version-history":[{"count":8,"href":"https:\/\/dndvoorsara.nl\/index.php?rest_route=\/wp\/v2\/pages\/306\/revisions"}],"predecessor-version":[{"id":556,"href":"https:\/\/dndvoorsara.nl\/index.php?rest_route=\/wp\/v2\/pages\/306\/revisions\/556"}],"wp:attachment":[{"href":"https:\/\/dndvoorsara.nl\/index.php?rest_route=%2Fwp%2Fv2%2Fmedia&parent=306"}],"curies":[{"name":"wp","href":"https:\/\/api.w.org\/{rel}","templated":true}]}}